{"id":8,"date":"2020-07-29T12:42:04","date_gmt":"2020-07-29T12:42:04","guid":{"rendered":"https:\/\/colegioipa.edu.ar\/site\/?page_id=8"},"modified":"2025-06-26T16:47:36","modified_gmt":"2025-06-26T19:47:36","slug":"niveles-educativos","status":"publish","type":"page","link":"https:\/\/colegioipa.edu.ar\/site\/niveles-educativos\/","title":{"rendered":"Niveles educativos"},"content":{"rendered":"\t\t<div data-elementor-type=\"wp-page\" data-elementor-id=\"8\" class=\"elementor elementor-8\">\n\t\t\t\t\t\t<section class=\"elementor-section elementor-top-section elementor-element elementor-element-ad54ea6 elementor-section-boxed elementor-section-height-default elementor-section-height-default\" data-id=\"ad54ea6\" data-element_type=\"section\" data-e-type=\"section\">\n\t\t\t\t\t\t<div class=\"elementor-container elementor-column-gap-default\">\n\t\t\t\t\t<div class=\"elementor-column elementor-col-100 elementor-top-column elementor-element elementor-element-b56d8c6\" data-id=\"b56d8c6\" data-element_type=\"column\" data-e-type=\"column\">\n\t\t\t<div class=\"elementor-widget-wrap elementor-element-populated\">\n\t\t\t\t\t\t<div class=\"elementor-element elementor-element-33207a5 elementor-widget elementor-widget-heading\" data-id=\"33207a5\" data-element_type=\"widget\" data-e-type=\"widget\" data-widget_type=\"heading.default\">\n\t\t\t\t<div class=\"elementor-widget-container\">\n\t\t\t\t\t<h1 class=\"elementor-heading-title elementor-size-xl\">Niveles Educativos<\/h1>\t\t\t\t<\/div>\n\t\t\t\t<\/div>\n\t\t\t\t\t<\/div>\n\t\t<\/div>\n\t\t\t\t\t<\/div>\n\t\t<\/section>\n\t\t\t\t<section class=\"elementor-section elementor-top-section elementor-element elementor-element-99f8e5e elementor-section-boxed elementor-section-height-default elementor-section-height-default\" data-id=\"99f8e5e\" data-element_type=\"section\" data-e-type=\"section\">\n\t\t\t\t\t\t<div class=\"elementor-container elementor-column-gap-default\">\n\t\t\t\t\t<div class=\"elementor-column elementor-col-100 elementor-top-column elementor-element elementor-element-199d593\" data-id=\"199d593\" data-element_type=\"column\" data-e-type=\"column\">\n\t\t\t<div class=\"elementor-widget-wrap elementor-element-populated\">\n\t\t\t\t\t\t<div class=\"elementor-element elementor-element-1943433 elementor-widget elementor-widget-image\" data-id=\"1943433\" data-element_type=\"widget\" data-e-type=\"widget\" data-widget_type=\"image.default\">\n\t\t\t\t<div class=\"elementor-widget-container\">\n\t\t\t\t\t\t\t\t\t\t\t\t\t\t\t<img fetchpriority=\"high\" decoding=\"async\" width=\"500\" height=\"215\" src=\"https:\/\/colegioipa.edu.ar\/site\/wp-content\/uploads\/2020\/08\/vinilo-impreso-recortado-127x63-2.png\" class=\"attachment-large size-large wp-image-282\" alt=\"\" srcset=\"https:\/\/colegioipa.edu.ar\/site\/wp-content\/uploads\/2020\/08\/vinilo-impreso-recortado-127x63-2.png 500w, https:\/\/colegioipa.edu.ar\/site\/wp-content\/uploads\/2020\/08\/vinilo-impreso-recortado-127x63-2-300x129.png 300w\" sizes=\"(max-width: 500px) 100vw, 500px\" \/>\t\t\t\t\t\t\t\t\t\t\t\t\t\t\t<\/div>\n\t\t\t\t<\/div>\n\t\t\t\t\t<\/div>\n\t\t<\/div>\n\t\t\t\t\t<\/div>\n\t\t<\/section>\n\t\t\t\t<section class=\"elementor-section elementor-top-section elementor-element elementor-element-ad49a25 elementor-section-boxed elementor-section-height-default elementor-section-height-default\" data-id=\"ad49a25\" data-element_type=\"section\" data-e-type=\"section\">\n\t\t\t\t\t\t<div class=\"elementor-container elementor-column-gap-default\">\n\t\t\t\t\t<div class=\"elementor-column elementor-col-100 elementor-top-column elementor-element elementor-element-560ee39\" data-id=\"560ee39\" data-element_type=\"column\" data-e-type=\"column\">\n\t\t\t<div class=\"elementor-widget-wrap elementor-element-populated\">\n\t\t\t\t\t\t<div class=\"elementor-element elementor-element-05191ff elementor-drop-cap-yes elementor-drop-cap-view-default elementor-widget elementor-widget-text-editor\" data-id=\"05191ff\" data-element_type=\"widget\" data-e-type=\"widget\" data-settings=\"{&quot;drop_cap&quot;:&quot;yes&quot;}\" data-widget_type=\"text-editor.default\">\n\t\t\t\t<div class=\"elementor-widget-container\">\n\t\t\t\t\t\t\t\t\t<div>&nbsp;<\/div>\n<div style=\"text-align: justify; text-justify: inter-word;\"><span style=\"font-weight: 400;\">Uno de los principales objetivos en el <\/span><b>IPA<\/b><span style=\"font-weight: 400;\"> es generar espacios de articulaci\u00f3n entre los diferentes niveles de educaci\u00f3n, en pos de promover la continuidad de los aprendizajes de los estudiantes procurando una formaci\u00f3n culturalmente relevante y significativa, comenzando por el <\/span><b>Nivel Inicial<\/b><span style=\"font-weight: 400;\">, acompa\u00f1ando todo el proceso en el <\/span><b>Nivel Primario<\/b><span style=\"font-weight: 400;\"> para el desarrollo de la infancia en todas sus dimensiones.<\/span><\/div>\t\t\t\t\t\t\t\t<\/div>\n\t\t\t\t<\/div>\n\t\t\t\t\t<\/div>\n\t\t<\/div>\n\t\t\t\t\t<\/div>\n\t\t<\/section>\n\t\t\t\t<section class=\"elementor-section elementor-top-section elementor-element elementor-element-36616f1 elementor-section-boxed elementor-section-height-default elementor-section-height-default\" data-id=\"36616f1\" data-element_type=\"section\" data-e-type=\"section\">\n\t\t\t\t\t\t<div class=\"elementor-container elementor-column-gap-default\">\n\t\t\t\t\t<div class=\"elementor-column elementor-col-100 elementor-top-column elementor-element elementor-element-7001eea\" data-id=\"7001eea\" data-element_type=\"column\" data-e-type=\"column\">\n\t\t\t<div class=\"elementor-widget-wrap elementor-element-populated\">\n\t\t\t\t\t\t<div class=\"elementor-element elementor-element-45858a0 elementor-widget-divider--separator-type-pattern elementor-widget-divider--view-line elementor-widget elementor-widget-divider\" data-id=\"45858a0\" data-element_type=\"widget\" data-e-type=\"widget\" data-widget_type=\"divider.default\">\n\t\t\t\t<div class=\"elementor-widget-container\">\n\t\t\t\t\t\t\t<div class=\"elementor-divider\" style=\"--divider-pattern-url: url(&quot;data:image\/svg+xml,%3Csvg xmlns=&#039;http:\/\/www.w3.org\/2000\/svg&#039; preserveAspectRatio=&#039;none&#039; overflow=&#039;visible&#039; height=&#039;100%&#039; viewBox=&#039;0 0 24 24&#039; fill=&#039;none&#039; stroke=&#039;black&#039; stroke-width=&#039;1&#039; stroke-linecap=&#039;square&#039; stroke-miterlimit=&#039;10&#039;%3E%3Cpolyline points=&#039;0,18 12,6 24,18 &#039;\/%3E%3C\/svg%3E&quot;);\">\n\t\t\t<span class=\"elementor-divider-separator\">\n\t\t\t\t\t\t<\/span>\n\t\t<\/div>\n\t\t\t\t\t\t<\/div>\n\t\t\t\t<\/div>\n\t\t\t\t\t<\/div>\n\t\t<\/div>\n\t\t\t\t\t<\/div>\n\t\t<\/section>\n\t\t\t\t<section class=\"elementor-section elementor-top-section elementor-element elementor-element-d323e4b elementor-section-boxed elementor-section-height-default elementor-section-height-default\" data-id=\"d323e4b\" data-element_type=\"section\" data-e-type=\"section\">\n\t\t\t\t\t\t<div class=\"elementor-container elementor-column-gap-default\">\n\t\t\t\t\t<div class=\"elementor-column elementor-col-50 elementor-top-column elementor-element elementor-element-f493d3f\" data-id=\"f493d3f\" data-element_type=\"column\" data-e-type=\"column\">\n\t\t\t<div class=\"elementor-widget-wrap elementor-element-populated\">\n\t\t\t\t\t\t<div class=\"elementor-element elementor-element-41ccaf3 elementor-widget elementor-widget-text-editor\" data-id=\"41ccaf3\" data-element_type=\"widget\" data-e-type=\"widget\" data-widget_type=\"text-editor.default\">\n\t\t\t\t<div class=\"elementor-widget-container\">\n\t\t\t\t\t\t\t\t\t<div style=\"text-align: justify; text-justify: inter-word;\"><a href=\"https:\/\/colegioipa.edu.ar\/site\/nivel-inicial\/\"><span style=\"font-weight: bold;\">NIVEL INICIAL<\/span><\/a><\/div><div style=\"text-align: left;\"><p>El IPA cuenta\u00a0 con\u00a0Nivel Inicial, conformado por las salas de 4 y 5 a\u00f1os.<\/p><p>Con dos amplias salas dise\u00f1adas especialmente para el nivel. Espacios l\u00fadicos y coloridos que estimulan la construcci\u00f3n del aprendizaje a partir del juego, la creatividad y el trabajo grupal.<\/p><\/div>\t\t\t\t\t\t\t\t<\/div>\n\t\t\t\t<\/div>\n\t\t\t\t\t<\/div>\n\t\t<\/div>\n\t\t\t\t<div class=\"elementor-column elementor-col-50 elementor-top-column elementor-element elementor-element-2ada1a1\" data-id=\"2ada1a1\" data-element_type=\"column\" data-e-type=\"column\">\n\t\t\t<div class=\"elementor-widget-wrap elementor-element-populated\">\n\t\t\t\t\t\t<div class=\"elementor-element elementor-element-5d4e403 elementor-arrows-position-inside elementor-pagination-position-outside elementor-widget elementor-widget-image-carousel\" data-id=\"5d4e403\" data-element_type=\"widget\" data-e-type=\"widget\" data-settings=\"{&quot;slides_to_show&quot;:&quot;1&quot;,&quot;navigation&quot;:&quot;both&quot;,&quot;autoplay&quot;:&quot;yes&quot;,&quot;pause_on_hover&quot;:&quot;yes&quot;,&quot;pause_on_interaction&quot;:&quot;yes&quot;,&quot;autoplay_speed&quot;:5000,&quot;infinite&quot;:&quot;yes&quot;,&quot;effect&quot;:&quot;slide&quot;,&quot;speed&quot;:500}\" data-widget_type=\"image-carousel.default\">\n\t\t\t\t<div class=\"elementor-widget-container\">\n\t\t\t\t\t\t\t<div class=\"elementor-image-carousel-wrapper swiper\" role=\"region\" aria-roledescription=\"carousel\" aria-label=\"Carrusel de im\u00e1genes\" dir=\"ltr\">\n\t\t\t<div class=\"elementor-image-carousel swiper-wrapper\" aria-live=\"off\">\n\t\t\t\t\t\t\t\t<div class=\"swiper-slide\" role=\"group\" aria-roledescription=\"slide\" aria-label=\"1 de 5\"><figure class=\"swiper-slide-inner\"><img decoding=\"async\" class=\"swiper-slide-image\" src=\"https:\/\/colegioipa.edu.ar\/site\/wp-content\/uploads\/elementor\/thumbs\/Entrada-Nivel-Inicial-1-scaled-q9eyu8w38nf93kr1ds9wzeocnpxcsc677k4mxbq2v4.jpg\" alt=\"Hall\" \/><\/figure><\/div><div class=\"swiper-slide\" role=\"group\" aria-roledescription=\"slide\" aria-label=\"2 de 5\"><figure class=\"swiper-slide-inner\"><img decoding=\"async\" class=\"swiper-slide-image\" src=\"https:\/\/colegioipa.edu.ar\/site\/wp-content\/uploads\/elementor\/thumbs\/Sala-4-3-scaled-q9eyv138xohurvm2t4gq27k6ha2d79a5bfp7bmk9og.jpg\" alt=\"Sala de 4\" \/><\/figure><\/div><div class=\"swiper-slide\" role=\"group\" aria-roledescription=\"slide\" aria-label=\"3 de 5\"><figure class=\"swiper-slide-inner\"><img decoding=\"async\" class=\"swiper-slide-image\" src=\"https:\/\/colegioipa.edu.ar\/site\/wp-content\/uploads\/elementor\/thumbs\/Sala-4-2-scaled-q9eyv6qa2opkpjdvw6whh64y1lakhfwjc7m47abwn4.jpg\" alt=\"Sala de 4\" \/><\/figure><\/div><div class=\"swiper-slide\" role=\"group\" aria-roledescription=\"slide\" aria-label=\"4 de 5\"><figure class=\"swiper-slide-inner\"><img decoding=\"async\" class=\"swiper-slide-image\" src=\"https:\/\/colegioipa.edu.ar\/site\/wp-content\/uploads\/elementor\/thumbs\/Sala-5-4-scaled-q9eyvcdb7oxan75oz9c8w4pplwirrmixczj12y3jls.jpg\" alt=\"Sala de 5\" \/><\/figure><\/div><div class=\"swiper-slide\" role=\"group\" aria-roledescription=\"slide\" aria-label=\"5 de 5\"><figure class=\"swiper-slide-inner\"><img decoding=\"async\" class=\"swiper-slide-image\" src=\"https:\/\/colegioipa.edu.ar\/site\/wp-content\/uploads\/elementor\/thumbs\/Sala-5-2-scaled-q9eyvh2i5v3q98yv7tddqlj0ktvlu41l1msghbwkqo.jpg\" alt=\"Sala de 5\" \/><\/figure><\/div>\t\t\t<\/div>\n\t\t\t\t\t\t\t\t\t\t\t\t<div class=\"elementor-swiper-button elementor-swiper-button-prev\" role=\"button\" tabindex=\"0\">\n\t\t\t\t\t\t<i aria-hidden=\"true\" class=\"eicon-chevron-left\"><\/i>\t\t\t\t\t<\/div>\n\t\t\t\t\t<div class=\"elementor-swiper-button elementor-swiper-button-next\" role=\"button\" tabindex=\"0\">\n\t\t\t\t\t\t<i aria-hidden=\"true\" class=\"eicon-chevron-right\"><\/i>\t\t\t\t\t<\/div>\n\t\t\t\t\n\t\t\t\t\t\t\t\t\t<div class=\"swiper-pagination\"><\/div>\n\t\t\t\t\t\t\t\t\t<\/div>\n\t\t\t\t\t\t<\/div>\n\t\t\t\t<\/div>\n\t\t\t\t\t<\/div>\n\t\t<\/div>\n\t\t\t\t\t<\/div>\n\t\t<\/section>\n\t\t\t\t<section class=\"elementor-section elementor-top-section elementor-element elementor-element-74a29cc elementor-section-boxed elementor-section-height-default elementor-section-height-default\" data-id=\"74a29cc\" data-element_type=\"section\" data-e-type=\"section\">\n\t\t\t\t\t\t<div class=\"elementor-container elementor-column-gap-default\">\n\t\t\t\t\t<div class=\"elementor-column elementor-col-100 elementor-top-column elementor-element elementor-element-2e97aa2\" data-id=\"2e97aa2\" data-element_type=\"column\" data-e-type=\"column\">\n\t\t\t<div class=\"elementor-widget-wrap elementor-element-populated\">\n\t\t\t\t\t\t<div class=\"elementor-element elementor-element-f1b69b5 elementor-widget-divider--separator-type-pattern elementor-widget-divider--view-line elementor-widget elementor-widget-divider\" data-id=\"f1b69b5\" data-element_type=\"widget\" data-e-type=\"widget\" data-widget_type=\"divider.default\">\n\t\t\t\t<div class=\"elementor-widget-container\">\n\t\t\t\t\t\t\t<div class=\"elementor-divider\" style=\"--divider-pattern-url: url(&quot;data:image\/svg+xml,%3Csvg xmlns=&#039;http:\/\/www.w3.org\/2000\/svg&#039; preserveAspectRatio=&#039;none&#039; overflow=&#039;visible&#039; height=&#039;100%&#039; viewBox=&#039;0 0 24 24&#039; fill=&#039;none&#039; stroke=&#039;black&#039; stroke-width=&#039;1&#039; stroke-linecap=&#039;square&#039; stroke-miterlimit=&#039;10&#039;%3E%3Cpolyline points=&#039;0,18 12,6 24,18 &#039;\/%3E%3C\/svg%3E&quot;);\">\n\t\t\t<span class=\"elementor-divider-separator\">\n\t\t\t\t\t\t<\/span>\n\t\t<\/div>\n\t\t\t\t\t\t<\/div>\n\t\t\t\t<\/div>\n\t\t\t\t\t<\/div>\n\t\t<\/div>\n\t\t\t\t\t<\/div>\n\t\t<\/section>\n\t\t\t\t<section class=\"elementor-section elementor-top-section elementor-element elementor-element-8fb8a73 elementor-section-boxed elementor-section-height-default elementor-section-height-default\" data-id=\"8fb8a73\" data-element_type=\"section\" data-e-type=\"section\">\n\t\t\t\t\t\t<div class=\"elementor-container elementor-column-gap-default\">\n\t\t\t\t\t<div class=\"elementor-column elementor-col-50 elementor-top-column elementor-element elementor-element-4eb2b66\" data-id=\"4eb2b66\" data-element_type=\"column\" data-e-type=\"column\">\n\t\t\t<div class=\"elementor-widget-wrap elementor-element-populated\">\n\t\t\t\t\t\t<div class=\"elementor-element elementor-element-3d71bf7 elementor-widget elementor-widget-text-editor\" data-id=\"3d71bf7\" data-element_type=\"widget\" data-e-type=\"widget\" data-widget_type=\"text-editor.default\">\n\t\t\t\t<div class=\"elementor-widget-container\">\n\t\t\t\t\t\t\t\t\t<div style=\"text-align: justify; text-justify: inter-word;\"><p><a href=\"https:\/\/colegioipa.edu.ar\/site\/nivel-primario\/\"><span style=\"font-weight: bold;\">NIVEL PRIMARIO<\/span><\/a><\/p><p style=\"text-align: left;\"><span style=\"font-weight: 400;\">El IPA cuenta tambi\u00e9n con Nivel Primario, en la actualidad con primer ciclo (1\u00b0, 2\u00b0 y 3\u00b0 grado), segundo ciclo (4\u00b0 y 5\u00ba grado) y tercer ciclo (6\u00b0 y 7\u00b0 grado).<\/span><\/p><p style=\"text-align: left;\"><span style=\"font-weight: 400;\">El proyecto educativo contempla la conformaci\u00f3n de cursos de 22\/25 alumnos como m\u00e1ximo, pensando en este n\u00famero como la cantidad de estudiantes necesarios para que los docentes puedan seguir de cerca el proceso individual de cada alumno adem\u00e1s del desarrollo grupal.<\/span><\/p><\/div>\t\t\t\t\t\t\t\t<\/div>\n\t\t\t\t<\/div>\n\t\t\t\t\t<\/div>\n\t\t<\/div>\n\t\t\t\t<div class=\"elementor-column elementor-col-50 elementor-top-column elementor-element elementor-element-d427162\" data-id=\"d427162\" data-element_type=\"column\" data-e-type=\"column\">\n\t\t\t<div class=\"elementor-widget-wrap elementor-element-populated\">\n\t\t\t\t\t\t<div class=\"elementor-element elementor-element-f0fd715 elementor-arrows-position-inside elementor-pagination-position-outside elementor-widget elementor-widget-image-carousel\" data-id=\"f0fd715\" data-element_type=\"widget\" data-e-type=\"widget\" data-settings=\"{&quot;slides_to_show&quot;:&quot;1&quot;,&quot;navigation&quot;:&quot;both&quot;,&quot;autoplay&quot;:&quot;yes&quot;,&quot;pause_on_hover&quot;:&quot;yes&quot;,&quot;pause_on_interaction&quot;:&quot;yes&quot;,&quot;autoplay_speed&quot;:5000,&quot;infinite&quot;:&quot;yes&quot;,&quot;effect&quot;:&quot;slide&quot;,&quot;speed&quot;:500}\" data-widget_type=\"image-carousel.default\">\n\t\t\t\t<div class=\"elementor-widget-container\">\n\t\t\t\t\t\t\t<div class=\"elementor-image-carousel-wrapper swiper\" role=\"region\" aria-roledescription=\"carousel\" aria-label=\"Carrusel de im\u00e1genes\" dir=\"ltr\">\n\t\t\t<div class=\"elementor-image-carousel swiper-wrapper\" aria-live=\"off\">\n\t\t\t\t\t\t\t\t<div class=\"swiper-slide\" role=\"group\" aria-roledescription=\"slide\" aria-label=\"1 de 9\"><figure class=\"swiper-slide-inner\"><img decoding=\"async\" class=\"swiper-slide-image\" src=\"https:\/\/colegioipa.edu.ar\/site\/wp-content\/uploads\/elementor\/thumbs\/Biblioteca-scaled-q9eyz5lqxi55q9mcpwns0630c5qczfnqjurx5cg2dc.jpg\" alt=\"Biblioteca\" \/><\/figure><\/div><div class=\"swiper-slide\" role=\"group\" aria-roledescription=\"slide\" aria-label=\"2 de 9\"><figure class=\"swiper-slide-inner\"><img decoding=\"async\" class=\"swiper-slide-image\" src=\"https:\/\/colegioipa.edu.ar\/site\/wp-content\/uploads\/elementor\/thumbs\/Sala-de-Arte-y-Musica-scaled-q9eyzd4gg6fgb5bfhzwsk46p38pap0hl8vzszk4wzk.jpg\" alt=\"Sala de Arte y M\u00fasica\" \/><\/figure><\/div><div class=\"swiper-slide\" role=\"group\" aria-roledescription=\"slide\" aria-label=\"3 de 9\"><figure class=\"swiper-slide-inner\"><img decoding=\"async\" class=\"swiper-slide-image\" src=\"https:\/\/colegioipa.edu.ar\/site\/wp-content\/uploads\/elementor\/thumbs\/Aula-1\u00b0-scaled-q9eyy8peaaw4fwy520fu2wdvjo8ii114rbxxcnsuf4.jpg\" alt=\"1\u00b0 Grado\" \/><\/figure><\/div><div class=\"swiper-slide\" role=\"group\" aria-roledescription=\"slide\" aria-label=\"4 de 9\"><figure class=\"swiper-slide-inner\"><img decoding=\"async\" class=\"swiper-slide-image\" src=\"https:\/\/colegioipa.edu.ar\/site\/wp-content\/uploads\/elementor\/thumbs\/Aula-2\u00b0-scaled-q9eyydel8h2k1yrbakgyxd76illckijsfz7cr1lvk0.jpg\" alt=\"2\u00b0 Grado\" \/><\/figure><\/div><div class=\"swiper-slide\" role=\"group\" aria-roledescription=\"slide\" aria-label=\"5 de 9\"><figure class=\"swiper-slide-inner\"><img decoding=\"async\" class=\"swiper-slide-image\" src=\"https:\/\/colegioipa.edu.ar\/site\/wp-content\/uploads\/elementor\/thumbs\/Aula-3\u00b0-scaled-q9eyyh5xzt7pceluom3h7c90w52tfaypshtao5gav4.jpg\" alt=\"3\u00b0 Grado\" \/><\/figure><\/div><div class=\"swiper-slide\" role=\"group\" aria-roledescription=\"slide\" aria-label=\"6 de 9\"><figure class=\"swiper-slide-inner\"><img decoding=\"async\" class=\"swiper-slide-image\" src=\"https:\/\/colegioipa.edu.ar\/site\/wp-content\/uploads\/elementor\/thumbs\/Aula-4\u00b0-scaled-q9eyylv4xze4ygf0x64m1t2bv2fnhshdh52q2j9c00.jpg\" alt=\"4\u00b0 Grado\" \/><\/figure><\/div><div class=\"swiper-slide\" role=\"group\" aria-roledescription=\"slide\" aria-label=\"7 de 9\"><figure class=\"swiper-slide-inner\"><img decoding=\"async\" class=\"swiper-slide-image\" src=\"https:\/\/colegioipa.edu.ar\/site\/wp-content\/uploads\/elementor\/thumbs\/Aula-5\u00b0-scaled-q9eyypmhpbja8w9kb7r4bs468lx4ckwatnonzn3rb4.jpg\" alt=\"5\u00b0 Grado\" \/><\/figure><\/div><div class=\"swiper-slide\" role=\"group\" aria-roledescription=\"slide\" aria-label=\"8 de 9\"><figure class=\"swiper-slide-inner\"><img decoding=\"async\" class=\"swiper-slide-image\" src=\"https:\/\/colegioipa.edu.ar\/site\/wp-content\/uploads\/elementor\/thumbs\/Aula-6\u00b0-scaled-q9eyyv9iubr06k1dea6vqqoxsx5bmriouflkvave9s.jpg\" alt=\"6\u00b0 Grado\" \/><\/figure><\/div><div class=\"swiper-slide\" role=\"group\" aria-roledescription=\"slide\" aria-label=\"9 de 9\"><figure class=\"swiper-slide-inner\"><img decoding=\"async\" class=\"swiper-slide-image\" src=\"https:\/\/colegioipa.edu.ar\/site\/wp-content\/uploads\/elementor\/thumbs\/Aula-7\u00b0-scaled-q9eyyzypshxfslujmu80l7i8rui5p91cj2v09oofeo.jpg\" alt=\"7\u00b0 Grado\" \/><\/figure><\/div>\t\t\t<\/div>\n\t\t\t\t\t\t\t\t\t\t\t\t<div class=\"elementor-swiper-button elementor-swiper-button-prev\" role=\"button\" tabindex=\"0\">\n\t\t\t\t\t\t<i aria-hidden=\"true\" class=\"eicon-chevron-left\"><\/i>\t\t\t\t\t<\/div>\n\t\t\t\t\t<div class=\"elementor-swiper-button elementor-swiper-button-next\" role=\"button\" tabindex=\"0\">\n\t\t\t\t\t\t<i aria-hidden=\"true\" class=\"eicon-chevron-right\"><\/i>\t\t\t\t\t<\/div>\n\t\t\t\t\n\t\t\t\t\t\t\t\t\t<div class=\"swiper-pagination\"><\/div>\n\t\t\t\t\t\t\t\t\t<\/div>\n\t\t\t\t\t\t<\/div>\n\t\t\t\t<\/div>\n\t\t\t\t\t<\/div>\n\t\t<\/div>\n\t\t\t\t\t<\/div>\n\t\t<\/section>\n\t\t\t\t<section class=\"elementor-section elementor-top-section elementor-element elementor-element-5bec7c8 elementor-section-boxed elementor-section-height-default elementor-section-height-default\" data-id=\"5bec7c8\" data-element_type=\"section\" data-e-type=\"section\">\n\t\t\t\t\t\t<div class=\"elementor-container elementor-column-gap-default\">\n\t\t\t\t\t<div class=\"elementor-column elementor-col-100 elementor-top-column elementor-element elementor-element-54c09d6\" data-id=\"54c09d6\" data-element_type=\"column\" data-e-type=\"column\">\n\t\t\t<div class=\"elementor-widget-wrap elementor-element-populated\">\n\t\t\t\t\t\t<div class=\"elementor-element elementor-element-ddbfafa elementor-widget elementor-widget-spacer\" data-id=\"ddbfafa\" data-element_type=\"widget\" data-e-type=\"widget\" data-widget_type=\"spacer.default\">\n\t\t\t\t<div class=\"elementor-widget-container\">\n\t\t\t\t\t\t\t<div class=\"elementor-spacer\">\n\t\t\t<div class=\"elementor-spacer-inner\"><\/div>\n\t\t<\/div>\n\t\t\t\t\t\t<\/div>\n\t\t\t\t<\/div>\n\t\t\t\t\t<\/div>\n\t\t<\/div>\n\t\t\t\t\t<\/div>\n\t\t<\/section>\n\t\t\t\t<\/div>\n\t\t","protected":false},"excerpt":{"rendered":"<p>Niveles Educativos &nbsp; Uno de los principales objetivos en el IPA es generar espacios de articulaci\u00f3n entre los diferentes niveles de educaci\u00f3n, en pos de promover la continuidad de los aprendizajes de los estudiantes procurando una formaci\u00f3n culturalmente relevante y significativa, comenzando por el Nivel Inicial, acompa\u00f1ando todo el proceso en el Nivel Primario para [&hellip;]<\/p>\n","protected":false},"author":3,"featured_media":0,"parent":0,"menu_order":0,"comment_status":"closed","ping_status":"closed","template":"elementor_header_footer","meta":{"_joinchat":[],"footnotes":""},"class_list":["post-8","page","type-page","status-publish","hentry"],"_links":{"self":[{"href":"https:\/\/colegioipa.edu.ar\/site\/wp-json\/wp\/v2\/pages\/8","targetHints":{"allow":["GET"]}}],"collection":[{"href":"https:\/\/colegioipa.edu.ar\/site\/wp-json\/wp\/v2\/pages"}],"about":[{"href":"https:\/\/colegioipa.edu.ar\/site\/wp-json\/wp\/v2\/types\/page"}],"author":[{"embeddable":true,"href":"https:\/\/colegioipa.edu.ar\/site\/wp-json\/wp\/v2\/users\/3"}],"replies":[{"embeddable":true,"href":"https:\/\/colegioipa.edu.ar\/site\/wp-json\/wp\/v2\/comments?post=8"}],"version-history":[{"count":75,"href":"https:\/\/colegioipa.edu.ar\/site\/wp-json\/wp\/v2\/pages\/8\/revisions"}],"predecessor-version":[{"id":1963,"href":"https:\/\/colegioipa.edu.ar\/site\/wp-json\/wp\/v2\/pages\/8\/revisions\/1963"}],"wp:attachment":[{"href":"https:\/\/colegioipa.edu.ar\/site\/wp-json\/wp\/v2\/media?parent=8"}],"curies":[{"name":"wp","href":"https:\/\/api.w.org\/{rel}","templated":true}]}}